{"id":4660,"date":"2021-03-02T09:40:45","date_gmt":"2021-03-02T09:40:45","guid":{"rendered":"https:\/\/demo.yolotheme.com\/dummy\/marque\/?page_id=4660"},"modified":"2024-02-16T18:05:42","modified_gmt":"2024-02-16T18:05:42","slug":"faq","status":"publish","type":"page","link":"https:\/\/casawyn.com\/es\/faq\/","title":{"rendered":"Preguntas Frecuentes"},"content":{"rendered":"<div data-elementor-type=\"wp-page\" data-elementor-id=\"4660\" class=\"elementor elementor-4660\">\n\t\t\t\t\t\t<section class=\"elementor-section elementor-top-section elementor-element elementor-element-1cb0c84 elementor-section-boxed elementor-section-height-default elementor-section-height-default\" data-id=\"1cb0c84\" data-element_type=\"section\" data-e-type=\"section\">\n\t\t\t\t\t\t<div class=\"elementor-container elementor-column-gap-default\">\n\t\t\t\t\t<div class=\"elementor-column elementor-col-100 elementor-top-column elementor-element elementor-element-ff10175\" data-id=\"ff10175\" data-element_type=\"column\" data-e-type=\"column\">\n\t\t\t<div class=\"elementor-widget-wrap elementor-element-populated\">\n\t\t\t\t\t\t<div class=\"elementor-element elementor-element-6582f51 elementor-widget elementor-widget-yolo_title\" data-id=\"6582f51\" data-element_type=\"widget\" data-e-type=\"widget\" data-widget_type=\"yolo_title.default\">\n\t\t\t\t<div class=\"elementor-widget-container\">\n\t\t\t\t\t        <div class=\"yolo-modern-heading\">\n            \n            \n                    <div class=\"heading-primary-wrap\">\n            <h2 class=\"heading-primary elementor-heading-title\">Obtenga todas las respuestas a las preguntas m\u00e1s frecuentes sobre planos de planta, disponibilidad y m\u00e1s.<\/h2>        <\/div>\n\n                \n                    <\/div>\n        \t\t\t\t<\/div>\n\t\t\t\t<\/div>\n\t\t\t\t\t<\/div>\n\t\t<\/div>\n\t\t\t\t\t<\/div>\n\t\t<\/section>\n\t\t\t\t<section class=\"elementor-section elementor-top-section elementor-element elementor-element-1d565b3 elementor-section-boxed elementor-section-height-default elementor-section-height-default\" data-id=\"1d565b3\" data-element_type=\"section\" data-e-type=\"section\">\n\t\t\t\t\t\t<div class=\"elementor-container elementor-column-gap-default\">\n\t\t\t\t\t<div class=\"elementor-column elementor-col-50 elementor-top-column elementor-element elementor-element-dd93bd4\" data-id=\"dd93bd4\" data-element_type=\"column\" data-e-type=\"column\">\n\t\t\t<div class=\"elementor-widget-wrap elementor-element-populated\">\n\t\t\t\t\t\t<div class=\"elementor-element elementor-element-c372a60 animated-slow elementor-invisible elementor-widget elementor-widget-image\" data-id=\"c372a60\" data-element_type=\"widget\" data-e-type=\"widget\" data-settings=\"{&quot;_animation&quot;:&quot;zoomIn&quot;}\" data-widget_type=\"image.default\">\n\t\t\t\t<div class=\"elementor-widget-container\">\n\t\t\t\t\t\t\t\t\t\t\t\t\t\t\t<img decoding=\"async\" src=\"https:\/\/casawyn.com\/wp-content\/uploads\/elementor\/thumbs\/Render-03-scaled-qakhmsoag91wikf6qhzvqg0oj7nlwne9qih4ebxfiw.jpg\" title=\"renderizar 03\" alt=\"Render 03\" loading=\"lazy\" \/>\t\t\t\t\t\t\t\t\t\t\t\t\t\t\t<\/div>\n\t\t\t\t<\/div>\n\t\t\t\t\t<\/div>\n\t\t<\/div>\n\t\t\t\t<div class=\"elementor-column elementor-col-50 elementor-top-column elementor-element elementor-element-b0fb6ff\" data-id=\"b0fb6ff\" data-element_type=\"column\" data-e-type=\"column\">\n\t\t\t<div class=\"elementor-widget-wrap elementor-element-populated\">\n\t\t\t\t\t\t<div class=\"elementor-element elementor-element-1f66024 elementor-invisible elementor-widget elementor-widget-yolo_title\" data-id=\"1f66024\" data-element_type=\"widget\" data-e-type=\"widget\" data-settings=\"{&quot;_animation&quot;:&quot;fadeIn&quot;}\" data-widget_type=\"yolo_title.default\">\n\t\t\t\t<div class=\"elementor-widget-container\">\n\t\t\t\t\t        <div class=\"yolo-modern-heading\">\n            \n            \n                    <div class=\"heading-primary-wrap\">\n            <h2 class=\"heading-primary elementor-heading-title\">PREGUNTAS FRECUENTES<\/h2>        <\/div>\n\n                    <div class=\"marque-separator-holder clearfix\">\n                <div class=\"marque-separator\">\n                <\/div>\n            <\/div>\n                \n                    <\/div>\n        \t\t\t\t<\/div>\n\t\t\t\t<\/div>\n\t\t\t\t<div class=\"elementor-element elementor-element-1293a6a marque-accordion-style-02 elementor-invisible elementor-widget elementor-widget-yolo-accordion\" data-id=\"1293a6a\" data-element_type=\"widget\" data-e-type=\"widget\" data-settings=\"{&quot;active_first_item&quot;:&quot;1&quot;,&quot;_animation&quot;:&quot;slideInRight&quot;}\" data-widget_type=\"yolo-accordion.default\">\n\t\t\t\t<div class=\"elementor-widget-container\">\n\t\t\t\t\t\t\t<div class=\"marque-accordion\">\n\t\t\t\t\t\t\t<div class=\"accordion-section active\">\n\t\t\t\t\t<div class=\"accordion-header\">\n\t\t\t\t\t\t<div class=\"accordion-title-wrapper\">\n\t\t\t\t\t\t\t<h5 class=\"accordion-title\">\u00bfCu\u00e1ndo estar\u00e1 CASA WYN lista para ser ocupada?<\/h5>\t\t\t\t\t\t<\/div>\n\t\t\t\t\t\t\t\t\t\t\t\t\t<div class=\"accordion-icons\">\n\t\t\t\t\t\t\t\t<span\n\t\t\t\t\t\t\t\t\tclass=\"accordion-icon opened-icon\"><i class=\"fal fa-plus\"><\/i><\/span>\n\t\t\t\t\t\t\t\t<span\n\t\t\t\t\t\t\t\t\tclass=\"accordion-icon closed-icon\"><i class=\"fal fa-minus\"><\/i><\/span>\n\t\t\t\t\t\t\t<\/div>\n\t\t\t\t\t\t\t\t\t\t\t<\/div>\n\t\t\t\t\t<div class=\"accordion-content\">\n\t\t\t\t\t\t\t\t\t\t\t\t\t<p>Est\u00e1 previsto que CASA WYN est\u00e9 terminada y lista para ser ocupada en 2025. Estamos emocionados de dar la bienvenida a los residentes a este impresionante nuevo desarrollo en el coraz\u00f3n de Wynwood Norte.<\/p>\t\t\t\t\t\t\t\t\t\t\t<\/div>\n\t\t\t\t<\/div>\n\t\t\t\t\t\t\t<div class=\"accordion-section\">\n\t\t\t\t\t<div class=\"accordion-header\">\n\t\t\t\t\t\t<div class=\"accordion-title-wrapper\">\n\t\t\t\t\t\t\t<h5 class=\"accordion-title\">\u00bfD\u00f3nde se encuentra CASA WYN?<\/h5>\t\t\t\t\t\t<\/div>\n\t\t\t\t\t\t\t\t\t\t\t\t\t<div class=\"accordion-icons\">\n\t\t\t\t\t\t\t\t<span\n\t\t\t\t\t\t\t\t\tclass=\"accordion-icon opened-icon\"><i class=\"fal fa-plus\"><\/i><\/span>\n\t\t\t\t\t\t\t\t<span\n\t\t\t\t\t\t\t\t\tclass=\"accordion-icon closed-icon\"><i class=\"fal fa-minus\"><\/i><\/span>\n\t\t\t\t\t\t\t<\/div>\n\t\t\t\t\t\t\t\t\t\t\t<\/div>\n\t\t\t\t\t<div class=\"accordion-content\">\n\t\t\t\t\t\t\t\t\t\t\t\t\t<p>CASA WYN est\u00e1 situada en Wynwood Norte, una zona nueva y en expansi\u00f3n de Wynwood, Miami. Este vibrante vecindario es conocido por su escena art\u00edstica y creativa, lo que lo convierte en un lugar ideal para profesionales j\u00f3venes y din\u00e1micos.<\/p>\t\t\t\t\t\t\t\t\t\t\t<\/div>\n\t\t\t\t<\/div>\n\t\t\t\t\t\t\t<div class=\"accordion-section\">\n\t\t\t\t\t<div class=\"accordion-header\">\n\t\t\t\t\t\t<div class=\"accordion-title-wrapper\">\n\t\t\t\t\t\t\t<h5 class=\"accordion-title\">\u00bfCASA WYN est\u00e1 dise\u00f1ada espec\u00edficamente para j\u00f3venes profesionales creativos?<\/h5>\t\t\t\t\t\t<\/div>\n\t\t\t\t\t\t\t\t\t\t\t\t\t<div class=\"accordion-icons\">\n\t\t\t\t\t\t\t\t<span\n\t\t\t\t\t\t\t\t\tclass=\"accordion-icon opened-icon\"><i class=\"fal fa-plus\"><\/i><\/span>\n\t\t\t\t\t\t\t\t<span\n\t\t\t\t\t\t\t\t\tclass=\"accordion-icon closed-icon\"><i class=\"fal fa-minus\"><\/i><\/span>\n\t\t\t\t\t\t\t<\/div>\n\t\t\t\t\t\t\t\t\t\t\t<\/div>\n\t\t\t\t\t<div class=\"accordion-content\">\n\t\t\t\t\t\t\t\t\t\t\t\t\t<p>S\u00ed, CASA WYN ha sido cuidadosamente dise\u00f1ada teniendo en cuenta las necesidades y preferencias de los j\u00f3venes profesionales creativos. Las comodidades y caracter\u00edsticas del edificio se adaptan al estilo de vida y los intereses de esta vibrante comunidad.<\/p>\t\t\t\t\t\t\t\t\t\t\t<\/div>\n\t\t\t\t<\/div>\n\t\t\t\t\t\t\t<div class=\"accordion-section\">\n\t\t\t\t\t<div class=\"accordion-header\">\n\t\t\t\t\t\t<div class=\"accordion-title-wrapper\">\n\t\t\t\t\t\t\t<h5 class=\"accordion-title\">\u00bfCASA WYN ofrecer\u00e1 almacenamiento de bicicletas y alquiler de scooters para los residentes?<\/h5>\t\t\t\t\t\t<\/div>\n\t\t\t\t\t\t\t\t\t\t\t\t\t<div class=\"accordion-icons\">\n\t\t\t\t\t\t\t\t<span\n\t\t\t\t\t\t\t\t\tclass=\"accordion-icon opened-icon\"><i class=\"fal fa-plus\"><\/i><\/span>\n\t\t\t\t\t\t\t\t<span\n\t\t\t\t\t\t\t\t\tclass=\"accordion-icon closed-icon\"><i class=\"fal fa-minus\"><\/i><\/span>\n\t\t\t\t\t\t\t<\/div>\n\t\t\t\t\t\t\t\t\t\t\t<\/div>\n\t\t\t\t\t<div class=\"accordion-content\">\n\t\t\t\t\t\t\t\t\t\t\t\t\t<p>\u00a1Absolutamente! En CASA WYN entendemos la importancia de las opciones de transporte sostenible. El edificio contar\u00e1 con instalaciones seguras para guardar bicicletas, lo que permitir\u00e1 a los residentes guardarlas f\u00e1cilmente. Adem\u00e1s, habr\u00e1 scooters disponibles, que ofrecer\u00e1n una forma conveniente y ecol\u00f3gica de desplazarse por el vecindario.<\/p>\t\t\t\t\t\t\t\t\t\t\t<\/div>\n\t\t\t\t<\/div>\n\t\t\t\t\t\t\t<div class=\"accordion-section\">\n\t\t\t\t\t<div class=\"accordion-header\">\n\t\t\t\t\t\t<div class=\"accordion-title-wrapper\">\n\t\t\t\t\t\t\t<h5 class=\"accordion-title\">\u00bfQu\u00e9 otras comodidades pueden esperar los residentes en CASA WYN?<\/h5>\t\t\t\t\t\t<\/div>\n\t\t\t\t\t\t\t\t\t\t\t\t\t<div class=\"accordion-icons\">\n\t\t\t\t\t\t\t\t<span\n\t\t\t\t\t\t\t\t\tclass=\"accordion-icon opened-icon\"><i class=\"fal fa-plus\"><\/i><\/span>\n\t\t\t\t\t\t\t\t<span\n\t\t\t\t\t\t\t\t\tclass=\"accordion-icon closed-icon\"><i class=\"fal fa-minus\"><\/i><\/span>\n\t\t\t\t\t\t\t<\/div>\n\t\t\t\t\t\t\t\t\t\t\t<\/div>\n\t\t\t\t\t<div class=\"accordion-content\">\n\t\t\t\t\t\t\t\t\t\t\t\t\t<p>Adem\u00e1s de almacenamiento de bicicletas y alquiler de scooters, CASA WYN ofrecer\u00e1 una variedad de comodidades para mejorar la experiencia de vida de los residentes. Estos pueden incluir un gimnasio, espacios de trabajo comunes, terrazas en la azotea y elegantes \u00e1reas comunes para socializar y relajarse. Nuestro objetivo es proporcionar un entorno de vida agradable y completo para nuestros residentes.<\/p>\t\t\t\t\t\t\t\t\t\t\t<\/div>\n\t\t\t\t<\/div>\n\t\t\t\t\t<\/div>\n\t\t\t\t\t\t<\/div>\n\t\t\t\t<\/div>\n\t\t\t\t\t<\/div>\n\t\t<\/div>\n\t\t\t\t\t<\/div>\n\t\t<\/section>\n\t\t\t\t<section class=\"elementor-section elementor-top-section elementor-element elementor-element-63a2a8db elementor-section-boxed elementor-section-height-default elementor-section-height-default\" data-id=\"63a2a8db\" data-element_type=\"section\" data-e-type=\"section\" data-settings=\"{&quot;background_background&quot;:&quot;classic&quot;}\">\n\t\t\t\t\t\t\t<div class=\"elementor-background-overlay\"><\/div>\n\t\t\t\t\t\t\t<div class=\"elementor-container elementor-column-gap-default\">\n\t\t\t\t\t<div class=\"elementor-column elementor-col-100 elementor-top-column elementor-element elementor-element-649d1580\" data-id=\"649d1580\" data-element_type=\"column\" data-e-type=\"column\">\n\t\t\t<div class=\"elementor-widget-wrap elementor-element-populated\">\n\t\t\t\t\t\t<div class=\"elementor-element elementor-element-2423be74 elementor-widget elementor-widget-yolo_title\" data-id=\"2423be74\" data-element_type=\"widget\" data-e-type=\"widget\" data-widget_type=\"yolo_title.default\">\n\t\t\t\t<div class=\"elementor-widget-container\">\n\t\t\t\t\t        <div class=\"yolo-modern-heading\">\n            \n            \n                    <div class=\"heading-primary-wrap\">\n            <h2 class=\"heading-primary elementor-heading-title\">\u00bfINTERESADO EN CASA WYN?<\/h2>        <\/div>\n\n                    <div class=\"marque-separator-holder clearfix\">\n                <div class=\"marque-separator\">\n                <\/div>\n            <\/div>\n                \n            \n        <div class=\"heading-description-wrap\">\n            <div class=\"heading-description\">\n                <p>Descubra la residencia de sus sue\u00f1os: prep\u00e1rese para experimentar el lujo, la comodidad y el estilo de vida vibrante de Casa Wyn. \u00a1Tu hogar perfecto te espera!<\/p>            <\/div>\n        <\/div>\n            <\/div>\n        \t\t\t\t<\/div>\n\t\t\t\t<\/div>\n\t\t\t\t<div class=\"elementor-element elementor-element-7aa62c0d elementor-align-center elementor-widget elementor-widget-yolo_button\" data-id=\"7aa62c0d\" data-element_type=\"widget\" data-e-type=\"widget\" data-widget_type=\"yolo_button.default\">\n\t\t\t\t<div class=\"elementor-widget-container\">\n\t\t\t\t\t        <div class=\"yolo-button-wrapper\">\n            <a href=\"https:\/\/casawyn.com\/es\/get-in-touch\/\" class=\"yolo-button-link yolo-button style-border yolo-button-nm icon-left\" role=\"button\">\n                                    <span class=\"marque-border-holder\">\n                        <span class=\"marque-top-border\"><\/span>\n                        <span class=\"marque-right-border\"><\/span>\n                        <span class=\"marque-bottom-border\"><\/span>\n                        <span class=\"marque-left-border\"><\/span>\n                    <\/span>\n                                        <div class=\"button-content-wrapper\">\n                            <span class=\"button-icon\">\n                    <i class=\"far fa-long-arrow-right\"><\/i>                <\/span>\n            \n                            <span class=\"button-text\">Cont\u00e1ctenos<\/span>\n            \n                    <\/div>\n                    <\/a>\n        <\/div>\n\n\n        \t\t\t\t<\/div>\n\t\t\t\t<\/div>\n\t\t\t\t\t<\/div>\n\t\t<\/div>\n\t\t\t\t\t<\/div>\n\t\t<\/section>\n\t\t\t\t<\/div>","protected":false},"excerpt":{"rendered":"<p>Obtenga todas las respuestas a las preguntas m\u00e1s frecuentes sobre planos de planta, disponibilidad y m\u00e1s. PREGUNTAS FRECUENTES \u00bfCu\u00e1ndo estar\u00e1 CASA WYN lista para ser ocupada? Est\u00e1 previsto que CASA WYN est\u00e9 terminada y lista para ser ocupada en 2025. Estamos emocionados de dar la bienvenida a los residentes a este impresionante nuevo desarrollo en el coraz\u00f3n de Wynwood Norte. \u00bfD\u00f3nde se encuentra CASA WYN? CASA WYN est\u00e1 situada en Wynwood Norte, un \u00e1rea nueva y en expansi\u00f3n de Wynwood, Miami. Este vibrante vecindario es conocido por su escena art\u00edstica y creativa, lo que lo convierte en un lugar ideal para profesionales j\u00f3venes y din\u00e1micos. \u00bfCASA WYN est\u00e1 dise\u00f1ada espec\u00edficamente para j\u00f3venes profesionales creativos? S\u00ed, CASA WYN ha sido cuidadosamente dise\u00f1ada teniendo en cuenta las necesidades y preferencias de los j\u00f3venes profesionales creativos. Las comodidades y caracter\u00edsticas del edificio se adaptan al estilo de vida y los intereses de esta vibrante comunidad. \u00bfCASA WYN ofrecer\u00e1 almacenamiento de bicicletas y alquiler de scooters para los residentes? \u00a1Absolutamente! En CASA WYN entendemos la importancia de las opciones de transporte sostenible. El edificio contar\u00e1 con instalaciones seguras para guardar bicicletas, lo que permitir\u00e1 a los residentes guardarlas f\u00e1cilmente. Adem\u00e1s, habr\u00e1 scooters disponibles, que ofrecer\u00e1n una forma conveniente y ecol\u00f3gica de desplazarse por el vecindario. \u00bfQu\u00e9 otras comodidades pueden esperar los residentes en CASA WYN? Adem\u00e1s de almacenamiento de bicicletas y alquiler de scooters, CASA WYN ofrecer\u00e1 una variedad de comodidades para mejorar la experiencia de vida de los residentes. Estos pueden incluir un gimnasio, espacios de trabajo comunes, terrazas en la azotea y elegantes \u00e1reas comunes para socializar y relajarse. Nuestro objetivo es proporcionar un entorno de vida agradable y completo para nuestros residentes. \u00bfINTERESADO EN CASA WYN? Descubra la residencia de sus sue\u00f1os: prep\u00e1rese para experimentar el lujo, la comodidad y el estilo de vida vibrante de Casa Wyn. \u00a1Tu hogar perfecto te espera! Cont\u00e1ctenos<\/p>","protected":false},"author":1,"featured_media":0,"parent":0,"menu_order":9,"comment_status":"closed","ping_status":"closed","template":"","meta":{"_coblocks_attr":"","_coblocks_dimensions":"","_coblocks_responsive_height":"","_coblocks_accordion_ie_support":"","footnotes":""},"class_list":["post-4660","page","type-page","status-publish","hentry"],"_links":{"self":[{"href":"https:\/\/casawyn.com\/es\/wp-json\/wp\/v2\/pages\/4660","targetHints":{"allow":["GET"]}}],"collection":[{"href":"https:\/\/casawyn.com\/es\/wp-json\/wp\/v2\/pages"}],"about":[{"href":"https:\/\/casawyn.com\/es\/wp-json\/wp\/v2\/types\/page"}],"author":[{"embeddable":true,"href":"https:\/\/casawyn.com\/es\/wp-json\/wp\/v2\/users\/1"}],"replies":[{"embeddable":true,"href":"https:\/\/casawyn.com\/es\/wp-json\/wp\/v2\/comments?post=4660"}],"version-history":[{"count":0,"href":"https:\/\/casawyn.com\/es\/wp-json\/wp\/v2\/pages\/4660\/revisions"}],"wp:attachment":[{"href":"https:\/\/casawyn.com\/es\/wp-json\/wp\/v2\/media?parent=4660"}],"curies":[{"name":"gracias","href":"https:\/\/api.w.org\/{rel}","templated":true}]}}